{"id":129,"date":"2015-07-21T15:30:22","date_gmt":"2015-07-21T15:30:22","guid":{"rendered":"https:\/\/friendly-volhard.51-178-26-64.plesk.page\/en\/contacto\/"},"modified":"2018-05-28T20:24:22","modified_gmt":"2018-05-28T20:24:22","slug":"contacto","status":"publish","type":"page","link":"https:\/\/www.pensionmar.com\/en\/contacto\/","title":{"rendered":"Contact"},"content":{"rendered":"<div class=\"wpb-content-wrapper\"><p>[vc_row row_type=&#8221;row&#8221; use_row_as_full_screen_section=&#8221;no&#8221; type=&#8221;full_width&#8221; header_style=&#8221;&#8221; parallax_content_width=&#8221;in_grid&#8221; anchor=&#8221;&#8221; in_content_menu=&#8221;&#8221; content_menu_title=&#8221;&#8221; content_menu_icon=&#8221;&#8221; angled_section=&#8221;no&#8221; angled_section_position=&#8221;both&#8221; angled_section_direction=&#8221;from_left_to_right&#8221; text_align=&#8221;left&#8221; video=&#8221;&#8221; video_overlay=&#8221;&#8221; video_overlay_image=&#8221;&#8221; video_webm=&#8221;&#8221; video_mp4=&#8221;&#8221; video_ogv=&#8221;&#8221; video_image=&#8221;&#8221; background_image=&#8221;&#8221; background_image_as_pattern=&#8221;without_pattern&#8221; section_height=&#8221;&#8221; parallax_speed=&#8221;&#8221; background_color=&#8221;&#8221; border_color=&#8221;&#8221; row_negative_margin=&#8221;&#8221; side_padding=&#8221;&#8221; parallax_side_padding=&#8221;&#8221; padding_top=&#8221;&#8221; padding_bottom=&#8221;&#8221; color=&#8221;&#8221; hover_color=&#8221;&#8221; more_button_label=&#8221;&#8221; less_button_label=&#8221;&#8221; button_position=&#8221;&#8221; css_animation=&#8221;&#8221; transition_delay=&#8221;&#8221;][vc_column width=&#8221;1\/1&#8243;][vc_gmaps link=&#8221;#E-8_JTNDaWZyYW1lJTIwc3JjJTNEJTIyaHR0cHMlM0ElMkYlMkZ3d3cuZ29vZ2xlLmNvbSUyRm1hcHMlMkZkJTJGdSUyRjAlMkZlbWJlZCUzRm1pZCUzRHpJMWpWTjhocjE3Yy5rM2M3ZEJINTU1R1klMjZ6JTNEMTclMjIlMjB3aWR0aCUzRCUyMjYwMCUyMiUyMGhlaWdodCUzRCUyMjQ1MCUyMiUyMGZyYW1lYm9yZGVyJTNEJTIyMCUyMiUyMHN0eWxlJTNEJTIyYm9yZGVyJTNBMCUyMiUyMGFsbG93ZnVsbHNjcmVlbiUzRSUzQyUyRmlmcmFtZSUzRQ==&#8221; size=&#8221;300&#8243;][\/vc_column][\/vc_row][vc_row row_type=&#8221;row&#8221; use_row_as_full_screen_section=&#8221;no&#8221; type=&#8221;grid&#8221; parallax_content_width=&#8221;in_grid&#8221; angled_section=&#8221;no&#8221; angled_section_position=&#8221;both&#8221; angled_section_direction=&#8221;from_left_to_right&#8221; text_align=&#8221;left&#8221; background_image_as_pattern=&#8221;without_pattern&#8221; row_negative_margin=&#8221;&#8221; css=&#8221;.vc_custom_1437492907768{background-color: #ffffff !important;}&#8221;][vc_column width=&#8221;1\/1&#8243;][vc_separator type=&#8221;transparent&#8221; position=&#8221;center&#8221; color=&#8221;&#8221; transparency=&#8221;&#8221; thickness=&#8221;&#8221; width=&#8221;&#8221; width_in_percentages=&#8221;&#8221; up=&#8221;&#8221; down=&#8221;50&#8243;][vc_column_text]<\/p>\n<h2>Contacto<\/h2>\n<p>[\/vc_column_text][vc_separator type=&#8221;small&#8221; position=&#8221;left&#8221; width_in_percentages=&#8221;&#8221;][vc_separator type=&#8221;transparent&#8221; position=&#8221;center&#8221; width_in_percentages=&#8221;&#8221; down=&#8221;50&#8243;][\/vc_column][\/vc_row][vc_row row_type=&#8221;row&#8221; use_row_as_full_screen_section=&#8221;no&#8221; type=&#8221;grid&#8221; parallax_content_width=&#8221;in_grid&#8221; angled_section=&#8221;no&#8221; angled_section_position=&#8221;both&#8221; angled_section_direction=&#8221;from_left_to_right&#8221; text_align=&#8221;left&#8221; background_image_as_pattern=&#8221;without_pattern&#8221; row_negative_margin=&#8221;&#8221; css=&#8221;.vc_custom_1437492917713{background-color: #ffffff !important;}&#8221;][vc_column width=&#8221;2\/3&#8243;]\n<div class=\"wpcf7 no-js\" id=\"wpcf7-f64-o1\" lang=\"es-ES\" dir=\"ltr\" data-wpcf7-id=\"64\">\n<div class=\"screen-reader-response\"><p role=\"status\" aria-live=\"polite\" aria-atomic=\"true\"><\/p> <ul><\/ul><\/div>\n<form action=\"\/en\/wp-json\/wp\/v2\/pages\/129#wpcf7-f64-o1\" method=\"post\" class=\"wpcf7-form init cf7_custom_style_3\" aria-label=\"Formulario de contacto\" novalidate=\"novalidate\" data-status=\"init\">\n<fieldset class=\"hidden-fields-container\"><input type=\"hidden\" name=\"_wpcf7\" value=\"64\" \/><input type=\"hidden\" name=\"_wpcf7_version\" value=\"6.1.5\" \/><input type=\"hidden\" name=\"_wpcf7_locale\" value=\"es_ES\" \/><input type=\"hidden\" name=\"_wpcf7_unit_tag\" value=\"wpcf7-f64-o1\" \/><input type=\"hidden\" name=\"_wpcf7_container_post\" value=\"0\" \/><input type=\"hidden\" name=\"_wpcf7_posted_data_hash\" value=\"\" \/>\n<\/fieldset>\n<p>Su nombre (obligatorio)<br \/>\n    <span class=\"wpcf7-form-control-wrap\" data-name=\"your-name\"><input size=\"40\" maxlength=\"400\" class=\"wpcf7-form-control wpcf7-text wpcf7-validates-as-required\" aria-required=\"true\" aria-invalid=\"false\" value=\"\" type=\"text\" name=\"your-name\" \/><\/span> <\/p>\n\n<p>Su e-mail (obligatorio)<br \/>\n    <span class=\"wpcf7-form-control-wrap\" data-name=\"your-email\"><input size=\"40\" maxlength=\"400\" class=\"wpcf7-form-control wpcf7-email wpcf7-validates-as-required wpcf7-text wpcf7-validates-as-email\" aria-required=\"true\" aria-invalid=\"false\" value=\"\" type=\"email\" name=\"your-email\" \/><\/span> <\/p>\n\n<p>Asunto<br \/>\n    <span class=\"wpcf7-form-control-wrap\" data-name=\"your-subject\"><input size=\"40\" maxlength=\"400\" class=\"wpcf7-form-control wpcf7-text\" aria-invalid=\"false\" value=\"\" type=\"text\" name=\"your-subject\" \/><\/span> <\/p>\n\n<p>Su mensaje<br \/>\n    <span class=\"wpcf7-form-control-wrap\" data-name=\"your-message\"><textarea cols=\"40\" rows=\"10\" maxlength=\"2000\" class=\"wpcf7-form-control wpcf7-textarea\" aria-invalid=\"false\" name=\"your-message\"><\/textarea><\/span> <\/p>\n<p style=\"text-align:left;\"><span class=\"wpcf7-form-control-wrap\" data-name=\"acceptance-867\"><span class=\"wpcf7-form-control wpcf7-acceptance\"><span class=\"wpcf7-list-item\"><input type=\"checkbox\" name=\"acceptance-867\" value=\"1\" aria-invalid=\"false\" \/><\/span><\/span><\/span> Acepto y confirmo la <a href=\"https:\/\/www.pensionmar.com\/aviso-legal-politica-de-privacidad\/\" target=\"_blank\">pol\u00edtica de privacidad<\/a>. \n<\/p>\n<p><input class=\"wpcf7-form-control wpcf7-submit has-spinner\" type=\"submit\" value=\"Enviar\" \/><\/p>\n\n\n\n<p style=\"font-size:12px;\"><b>Responsable:<\/b> Pensi\u00f3n Mar C.B., siendo la <b>Finalidad:<\/b> La finalidad de la recogida y tratamiento de los datos personales que te solicito es para gestionar la solicitud que realizas en este formulario de contacto. <b>La Legitimaci\u00f3n:<\/b> es gracias a tu consentimiento. El hecho de que no introduzcas los datos de car\u00e1cter personal que aparecen en el formulario como obligatorios podr\u00e1 tener como consecuencia que no atender pueda tu solicitud. <b>Destinatarios:<\/b> tus datos se alojar\u00e1n en Raiola Hosting (proveedor de hosting) ubicado en Europa. Podr\u00e1s ejercer <b>Tus Derechos<\/b> de Acceso, Rectificaci\u00f3n, Limitaci\u00f3n o Suprimir tus datos en info@pensionmar.com as\u00ed como el derecho a presentar una reclamaci\u00f3n ante una autoridad de control. Para m\u00e1s informaci\u00f3n consulte nuestra <a href=\"https:\/\/www.pensionmar.com\/aviso-legal-politica-de-privacidad\/\" target=\"_blank\">pol\u00edtica de privacidad<\/a>.<\/p><div class=\"wpcf7-response-output\" aria-hidden=\"true\"><\/div>\n<\/form>\n<\/div>\n[\/vc_column][vc_column width=&#8221;1\/3&#8243;][vc_column_text]Si tiene cualquier pregunta o prefiere realizar una reserva, no dude en ponerse en contacto en el formulario o tambi\u00e9n estamos en:<\/p>\n<p>&nbsp;<\/p>\n<p><span data-type=\"normal\"  class=\"qode_icon_shortcode  q_font_awsome_icon   \" style=\" \"><i class=\"qode_icon_font_awesome fa fa-map-marker qode_icon_element\" style=\"\" ><\/i><\/span> R\u00faa Fraga Iribarne n\u00ba5 Portomar\u00edn (Lugo)<\/p>\n<p><span data-type=\"normal\"  class=\"qode_icon_shortcode  q_font_awsome_icon   \" style=\" \"><i class=\"qode_icon_font_awesome fa fa-phone qode_icon_element\" style=\"\" ><\/i><\/span> 622 611 211 &#8211; 630 040 194 &#8211; 630 389 641<\/p>\n<p><span data-type=\"normal\"  class=\"qode_icon_shortcode  q_font_awsome_icon   \" style=\" \"><i class=\"qode_icon_font_awesome fa fa-envelope qode_icon_element\" style=\"\" ><\/i><\/span> <a href=\"mailto:info@pensionmar.com\">info@pensionmar.com<\/a><\/p>\n<p>&nbsp;<\/p>\n<p>Estamos a 50 metros de la Iglesia de San Nicol\u00e1s.<\/p>\n<p>&nbsp;<\/p>\n<p>En 50 metros hay supermercado, farmacia, cafeter\u00edas, restaurantes, centro de salud y masajista.[\/vc_column_text][\/vc_column][\/vc_row]<\/p>\n<\/div>","protected":false},"excerpt":{"rendered":"<p>[vc_row row_type=&#8221;row&#8221; use_row_as_full_screen_section=&#8221;no&#8221; type=&#8221;full_width&#8221; header_style=&#8221;&#8221; parallax_content_width=&#8221;in_grid&#8221; anchor=&#8221;&#8221; in_content_menu=&#8221;&#8221; content_menu_title=&#8221;&#8221; content_menu_icon=&#8221;&#8221; angled_section=&#8221;no&#8221; angled_section_position=&#8221;both&#8221; angled_section_direction=&#8221;from_left_to_right&#8221; text_align=&#8221;left&#8221; video=&#8221;&#8221; video_overlay=&#8221;&#8221; video_overlay_image=&#8221;&#8221; video_webm=&#8221;&#8221; video_mp4=&#8221;&#8221; video_ogv=&#8221;&#8221; video_image=&#8221;&#8221; background_image=&#8221;&#8221; background_image_as_pattern=&#8221;without_pattern&#8221; section_height=&#8221;&#8221; parallax_speed=&#8221;&#8221; background_color=&#8221;&#8221; border_color=&#8221;&#8221; row_negative_margin=&#8221;&#8221; side_padding=&#8221;&#8221; parallax_side_padding=&#8221;&#8221; padding_top=&#8221;&#8221; padding_bottom=&#8221;&#8221; color=&#8221;&#8221; hover_color=&#8221;&#8221; more_button_label=&#8221;&#8221; less_button_label=&#8221;&#8221; button_position=&#8221;&#8221; css_animation=&#8221;&#8221; transition_delay=&#8221;&#8221;][vc_column width=&#8221;1\/1&#8243;][vc_gmaps link=&#8221;#E-8_JTNDaWZyYW1lJTIwc3JjJTNEJTIyaHR0cHMlM0ElMkYlMkZ3d3cuZ29vZ2xlLmNvbSUyRm1hcHMlMkZkJTJGdSUyRjAlMkZlbWJlZCUzRm1pZCUzRHpJMWpWTjhocjE3Yy5rM2M3ZEJINTU1R1klMjZ6JTNEMTclMjIlMjB3aWR0aCUzRCUyMjYwMCUyMiUyMGhlaWdodCUzRCUyMjQ1MCUyMiUyMGZyYW1lYm9yZGVyJTNEJTIyMCUyMiUyMHN0eWxlJTNEJTIyYm9yZGVyJTNBMCUyMiUyMGFsbG93ZnVsbHNjcmVlbiUzRSUzQyUyRmlmcmFtZSUzRQ==&#8221; size=&#8221;300&#8243;][\/vc_column][\/vc_row][vc_row row_type=&#8221;row&#8221; use_row_as_full_screen_section=&#8221;no&#8221; type=&#8221;grid&#8221;&#8230;<\/p>\n","protected":false},"author":1,"featured_media":0,"parent":0,"menu_order":0,"comment_status":"open","ping_status":"closed","template":"full_width.php","meta":{"footnotes":""},"class_list":["post-129","page","type-page","status-publish","hentry"],"yoast_head":"<!-- This site is optimized with the Yoast SEO plugin v27.4 - https:\/\/yoast.com\/product\/yoast-seo-wordpress\/ -->\n<title>Contact - Pensi&oacute;n Mar<\/title>\n<meta name=\"robots\" content=\"index, follow, max-snippet:-1, max-image-preview:large, max-video-preview:-1\" \/>\n<link rel=\"canonical\" href=\"https:\/\/www.pensionmar.com\/contacto\/\" \/>\n<meta property=\"og:locale\" content=\"en_US\" \/>\n<meta property=\"og:type\" content=\"article\" \/>\n<meta property=\"og:title\" content=\"Contact - Pensi&oacute;n Mar\" \/>\n<meta property=\"og:description\" content=\"[vc_row row_type=&#8221;row&#8221; use_row_as_full_screen_section=&#8221;no&#8221; type=&#8221;full_width&#8221; header_style=&#8221;&#8221; parallax_content_width=&#8221;in_grid&#8221; anchor=&#8221;&#8221; in_content_menu=&#8221;&#8221; content_menu_title=&#8221;&#8221; content_menu_icon=&#8221;&#8221; angled_section=&#8221;no&#8221; angled_section_position=&#8221;both&#8221; angled_section_direction=&#8221;from_left_to_right&#8221; text_align=&#8221;left&#8221; video=&#8221;&#8221; video_overlay=&#8221;&#8221; video_overlay_image=&#8221;&#8221; video_webm=&#8221;&#8221; video_mp4=&#8221;&#8221; video_ogv=&#8221;&#8221; video_image=&#8221;&#8221; background_image=&#8221;&#8221; background_image_as_pattern=&#8221;without_pattern&#8221; section_height=&#8221;&#8221; parallax_speed=&#8221;&#8221; background_color=&#8221;&#8221; border_color=&#8221;&#8221; row_negative_margin=&#8221;&#8221; side_padding=&#8221;&#8221; parallax_side_padding=&#8221;&#8221; padding_top=&#8221;&#8221; padding_bottom=&#8221;&#8221; color=&#8221;&#8221; hover_color=&#8221;&#8221; more_button_label=&#8221;&#8221; less_button_label=&#8221;&#8221; button_position=&#8221;&#8221; css_animation=&#8221;&#8221; transition_delay=&#8221;&#8221;][vc_column width=&#8221;1\/1&#8243;][vc_gmaps link=&#8221;#E-8_JTNDaWZyYW1lJTIwc3JjJTNEJTIyaHR0cHMlM0ElMkYlMkZ3d3cuZ29vZ2xlLmNvbSUyRm1hcHMlMkZkJTJGdSUyRjAlMkZlbWJlZCUzRm1pZCUzRHpJMWpWTjhocjE3Yy5rM2M3ZEJINTU1R1klMjZ6JTNEMTclMjIlMjB3aWR0aCUzRCUyMjYwMCUyMiUyMGhlaWdodCUzRCUyMjQ1MCUyMiUyMGZyYW1lYm9yZGVyJTNEJTIyMCUyMiUyMHN0eWxlJTNEJTIyYm9yZGVyJTNBMCUyMiUyMGFsbG93ZnVsbHNjcmVlbiUzRSUzQyUyRmlmcmFtZSUzRQ==&#8221; size=&#8221;300&#8243;][\/vc_column][\/vc_row][vc_row row_type=&#8221;row&#8221; use_row_as_full_screen_section=&#8221;no&#8221; type=&#8221;grid&#8221;...\" \/>\n<meta property=\"og:url\" content=\"https:\/\/www.pensionmar.com\/contacto\/\" \/>\n<meta property=\"og:site_name\" content=\"Pensi&oacute;n Mar\" \/>\n<meta property=\"article:modified_time\" content=\"2018-05-28T20:24:22+00:00\" \/>\n<meta name=\"twitter:card\" content=\"summary_large_image\" \/>\n<meta name=\"twitter:label1\" content=\"Est. reading time\" \/>\n\t<meta name=\"twitter:data1\" content=\"2 minutes\" \/>\n<script type=\"application\/ld+json\" class=\"yoast-schema-graph\">{\"@context\":\"https:\\\/\\\/schema.org\",\"@graph\":[{\"@type\":\"WebPage\",\"@id\":\"https:\\\/\\\/www.pensionmar.com\\\/contacto\\\/\",\"url\":\"https:\\\/\\\/www.pensionmar.com\\\/contacto\\\/\",\"name\":\"Contact - Pensi&oacute;n Mar\",\"isPartOf\":{\"@id\":\"https:\\\/\\\/www.pensionmar.com\\\/#website\"},\"datePublished\":\"2015-07-21T15:30:22+00:00\",\"dateModified\":\"2018-05-28T20:24:22+00:00\",\"breadcrumb\":{\"@id\":\"https:\\\/\\\/www.pensionmar.com\\\/contacto\\\/#breadcrumb\"},\"inLanguage\":\"en-US\",\"potentialAction\":[{\"@type\":\"ReadAction\",\"target\":[\"https:\\\/\\\/www.pensionmar.com\\\/contacto\\\/\"]}]},{\"@type\":\"BreadcrumbList\",\"@id\":\"https:\\\/\\\/www.pensionmar.com\\\/contacto\\\/#breadcrumb\",\"itemListElement\":[{\"@type\":\"ListItem\",\"position\":1,\"name\":\"Portada\",\"item\":\"https:\\\/\\\/www.pensionmar.com\\\/en\\\/\"},{\"@type\":\"ListItem\",\"position\":2,\"name\":\"Contact\"}]},{\"@type\":\"WebSite\",\"@id\":\"https:\\\/\\\/www.pensionmar.com\\\/#website\",\"url\":\"https:\\\/\\\/www.pensionmar.com\\\/\",\"name\":\"Pensi&oacute;n Mar\",\"description\":\"Pensi&oacute;n Portomar&iacute;n Lugo. Camino de Santiago\",\"potentialAction\":[{\"@type\":\"SearchAction\",\"target\":{\"@type\":\"EntryPoint\",\"urlTemplate\":\"https:\\\/\\\/www.pensionmar.com\\\/?s={search_term_string}\"},\"query-input\":{\"@type\":\"PropertyValueSpecification\",\"valueRequired\":true,\"valueName\":\"search_term_string\"}}],\"inLanguage\":\"en-US\"}]}<\/script>\n<!-- \/ Yoast SEO plugin. -->","yoast_head_json":{"title":"Contact - Pensi&oacute;n Mar","robots":{"index":"index","follow":"follow","max-snippet":"max-snippet:-1","max-image-preview":"max-image-preview:large","max-video-preview":"max-video-preview:-1"},"canonical":"https:\/\/www.pensionmar.com\/contacto\/","og_locale":"en_US","og_type":"article","og_title":"Contact - Pensi&oacute;n Mar","og_description":"[vc_row row_type=&#8221;row&#8221; use_row_as_full_screen_section=&#8221;no&#8221; type=&#8221;full_width&#8221; header_style=&#8221;&#8221; parallax_content_width=&#8221;in_grid&#8221; anchor=&#8221;&#8221; in_content_menu=&#8221;&#8221; content_menu_title=&#8221;&#8221; content_menu_icon=&#8221;&#8221; angled_section=&#8221;no&#8221; angled_section_position=&#8221;both&#8221; angled_section_direction=&#8221;from_left_to_right&#8221; text_align=&#8221;left&#8221; video=&#8221;&#8221; video_overlay=&#8221;&#8221; video_overlay_image=&#8221;&#8221; video_webm=&#8221;&#8221; video_mp4=&#8221;&#8221; video_ogv=&#8221;&#8221; video_image=&#8221;&#8221; background_image=&#8221;&#8221; background_image_as_pattern=&#8221;without_pattern&#8221; section_height=&#8221;&#8221; parallax_speed=&#8221;&#8221; background_color=&#8221;&#8221; border_color=&#8221;&#8221; row_negative_margin=&#8221;&#8221; side_padding=&#8221;&#8221; parallax_side_padding=&#8221;&#8221; padding_top=&#8221;&#8221; padding_bottom=&#8221;&#8221; color=&#8221;&#8221; hover_color=&#8221;&#8221; more_button_label=&#8221;&#8221; less_button_label=&#8221;&#8221; button_position=&#8221;&#8221; css_animation=&#8221;&#8221; transition_delay=&#8221;&#8221;][vc_column width=&#8221;1\/1&#8243;][vc_gmaps link=&#8221;#E-8_JTNDaWZyYW1lJTIwc3JjJTNEJTIyaHR0cHMlM0ElMkYlMkZ3d3cuZ29vZ2xlLmNvbSUyRm1hcHMlMkZkJTJGdSUyRjAlMkZlbWJlZCUzRm1pZCUzRHpJMWpWTjhocjE3Yy5rM2M3ZEJINTU1R1klMjZ6JTNEMTclMjIlMjB3aWR0aCUzRCUyMjYwMCUyMiUyMGhlaWdodCUzRCUyMjQ1MCUyMiUyMGZyYW1lYm9yZGVyJTNEJTIyMCUyMiUyMHN0eWxlJTNEJTIyYm9yZGVyJTNBMCUyMiUyMGFsbG93ZnVsbHNjcmVlbiUzRSUzQyUyRmlmcmFtZSUzRQ==&#8221; size=&#8221;300&#8243;][\/vc_column][\/vc_row][vc_row row_type=&#8221;row&#8221; use_row_as_full_screen_section=&#8221;no&#8221; type=&#8221;grid&#8221;...","og_url":"https:\/\/www.pensionmar.com\/contacto\/","og_site_name":"Pensi&oacute;n Mar","article_modified_time":"2018-05-28T20:24:22+00:00","twitter_card":"summary_large_image","twitter_misc":{"Est. reading time":"2 minutes"},"schema":{"@context":"https:\/\/schema.org","@graph":[{"@type":"WebPage","@id":"https:\/\/www.pensionmar.com\/contacto\/","url":"https:\/\/www.pensionmar.com\/contacto\/","name":"Contact - Pensi&oacute;n Mar","isPartOf":{"@id":"https:\/\/www.pensionmar.com\/#website"},"datePublished":"2015-07-21T15:30:22+00:00","dateModified":"2018-05-28T20:24:22+00:00","breadcrumb":{"@id":"https:\/\/www.pensionmar.com\/contacto\/#breadcrumb"},"inLanguage":"en-US","potentialAction":[{"@type":"ReadAction","target":["https:\/\/www.pensionmar.com\/contacto\/"]}]},{"@type":"BreadcrumbList","@id":"https:\/\/www.pensionmar.com\/contacto\/#breadcrumb","itemListElement":[{"@type":"ListItem","position":1,"name":"Portada","item":"https:\/\/www.pensionmar.com\/en\/"},{"@type":"ListItem","position":2,"name":"Contact"}]},{"@type":"WebSite","@id":"https:\/\/www.pensionmar.com\/#website","url":"https:\/\/www.pensionmar.com\/","name":"Pensi&oacute;n Mar","description":"Pensi&oacute;n Portomar&iacute;n Lugo. Camino de Santiago","potentialAction":[{"@type":"SearchAction","target":{"@type":"EntryPoint","urlTemplate":"https:\/\/www.pensionmar.com\/?s={search_term_string}"},"query-input":{"@type":"PropertyValueSpecification","valueRequired":true,"valueName":"search_term_string"}}],"inLanguage":"en-US"}]}},"_links":{"self":[{"href":"https:\/\/www.pensionmar.com\/en\/wp-json\/wp\/v2\/pages\/129","targetHints":{"allow":["GET"]}}],"collection":[{"href":"https:\/\/www.pensionmar.com\/en\/wp-json\/wp\/v2\/pages"}],"about":[{"href":"https:\/\/www.pensionmar.com\/en\/wp-json\/wp\/v2\/types\/page"}],"author":[{"embeddable":true,"href":"https:\/\/www.pensionmar.com\/en\/wp-json\/wp\/v2\/users\/1"}],"replies":[{"embeddable":true,"href":"https:\/\/www.pensionmar.com\/en\/wp-json\/wp\/v2\/comments?post=129"}],"version-history":[{"count":3,"href":"https:\/\/www.pensionmar.com\/en\/wp-json\/wp\/v2\/pages\/129\/revisions"}],"predecessor-version":[{"id":240,"href":"https:\/\/www.pensionmar.com\/en\/wp-json\/wp\/v2\/pages\/129\/revisions\/240"}],"wp:attachment":[{"href":"https:\/\/www.pensionmar.com\/en\/wp-json\/wp\/v2\/media?parent=129"}],"curies":[{"name":"wp","href":"https:\/\/api.w.org\/{rel}","templated":true}]}}